{"id":393,"date":"2019-10-22T14:01:58","date_gmt":"2019-10-22T14:01:58","guid":{"rendered":"https:\/\/cimaglobal.ca\/infrastructures-urbaines\/"},"modified":"2019-12-18T18:46:45","modified_gmt":"2019-12-18T18:46:45","slug":"urban-infrastructure","status":"publish","type":"page","link":"https:\/\/cimaglobal.ca\/en\/urban-infrastructure\/","title":{"rendered":"Urban infrastructure"},"content":{"rendered":"[vc_row fullwidth=&#8221;true&#8221; fullwidth_content=&#8221;false&#8221; css=&#8221;.vc_custom_1573467630200{background-image: url(https:\/\/cimaglobal.ca\/wp-content\/uploads\/2019\/10\/infrastructure.jpg?id=225) !important;background-position: center !important;background-repeat: no-repeat !important;background-size: cover !important;}&#8221; id=&#8221;main-banner&#8221; el_class=&#8221;overflow_hidden&#8221;][vc_column width=&#8221;1\/2&#8243;][mk_fancy_title color=&#8221;#00338d&#8221; size=&#8221;44&#8243; force_font_size=&#8221;true&#8221; size_smallscreen=&#8221;40&#8243; size_tablet=&#8221;35&#8243; size_phone=&#8221;35&#8243; font_weight=&#8221;500&#8243; font_family=&#8221;Montserrat&#8221; font_type=&#8221;google&#8221; responsive_align=&#8221;left&#8221;]Urban Infrastructure Expertise[\/mk_fancy_title][vc_column_text]CIMA GLOBAL is an expert in engineering studies for various urban projects such as construction, roads, drinking water supply, sanitation and the environment.[\/vc_column_text][\/vc_column][vc_column width=&#8221;1\/2&#8243;][mk_image src=&#8221;https:\/\/cimaglobal.ca\/wp-content\/uploads\/2019\/10\/line_urbaine.png&#8221; image_size=&#8221;full&#8221; el_class=&#8221;line-above&#8221;][\/vc_column][\/vc_row][vc_row][vc_column width=&#8221;1\/3&#8243;][vc_single_image image=&#8221;292&#8243; img_size=&#8221;100&#215;100&#8243; alignment=&#8221;center&#8221; css=&#8221;.vc_custom_1572368596689{margin-bottom: 20px !important;}&#8221;][mk_fancy_title color=&#8221;#00338d&#8221; size=&#8221;18&#8243; font_weight=&#8221;bold&#8221; font_family=&#8221;Montserrat&#8221; font_type=&#8221;google&#8221; align=&#8221;center&#8221;]Roads and Other Networks[\/mk_fancy_title][\/vc_column][vc_column width=&#8221;1\/3&#8243;][vc_single_image image=&#8221;293&#8243; img_size=&#8221;100&#215;100&#8243; alignment=&#8221;center&#8221; css=&#8221;.vc_custom_1572368610290{margin-bottom: 20px !important;}&#8221;][mk_fancy_title color=&#8221;#00338d&#8221; size=&#8221;18&#8243; font_weight=&#8221;bold&#8221; font_family=&#8221;Montserrat&#8221; font_type=&#8221;google&#8221; align=&#8221;center&#8221;]Building[\/mk_fancy_title][\/vc_column][vc_column width=&#8221;1\/3&#8243;][vc_single_image image=&#8221;294&#8243; img_size=&#8221;100&#215;100&#8243; alignment=&#8221;center&#8221; css=&#8221;.vc_custom_1572368616242{margin-bottom: 20px !important;}&#8221;][mk_fancy_title color=&#8221;#00338d&#8221; size=&#8221;18&#8243; font_weight=&#8221;bold&#8221; font_family=&#8221;Montserrat&#8221; font_type=&#8221;google&#8221; align=&#8221;center&#8221;]Water Supply and Sanitation[\/mk_fancy_title][\/vc_column][\/vc_row][vc_row][vc_column width=&#8221;1\/4&#8243;][\/vc_column][vc_column width=&#8221;1\/4&#8243;][vc_single_image image=&#8221;295&#8243; img_size=&#8221;100&#215;100&#8243; alignment=&#8221;center&#8221; css=&#8221;.vc_custom_1572368623130{margin-bottom: 20px !important;}&#8221;][mk_fancy_title color=&#8221;#00338d&#8221; size=&#8221;18&#8243; font_weight=&#8221;bold&#8221; font_family=&#8221;Montserrat&#8221; font_type=&#8221;google&#8221; align=&#8221;center&#8221;]Urban &amp; Rural Development[\/mk_fancy_title][\/vc_column][vc_column width=&#8221;1\/4&#8243; el_class=&#8221;feature-5&#8243;][vc_single_image image=&#8221;296&#8243; img_size=&#8221;100&#215;100&#8243; alignment=&#8221;center&#8221; css=&#8221;.vc_custom_1572368629259{margin-bottom: 20px !important;}&#8221;][mk_fancy_title color=&#8221;#00338d&#8221; size=&#8221;18&#8243; font_weight=&#8221;bold&#8221; font_family=&#8221;Montserrat&#8221; font_type=&#8221;google&#8221; align=&#8221;center&#8221;]Environment[\/mk_fancy_title][\/vc_column][vc_column width=&#8221;1\/4&#8243;][\/vc_column][\/vc_row][vc_row fullwidth=&#8221;true&#8221; fullwidth_content=&#8221;false&#8221; css=&#8221;.vc_custom_1574719947073{margin-top: 30px !important;padding-top: 100px !important;padding-bottom: 80px !important;background-image: url(https:\/\/cimaglobal.ca\/wp-content\/uploads\/2019\/11\/99.jpg?id=343) !important;background-position: center !important;background-repeat: no-repeat !important;background-size: cover !important;}&#8221; id=&#8221;middle-row&#8221;][vc_column width=&#8221;1\/2&#8243;][vc_single_image image=&#8221;342&#8243; img_size=&#8221;full&#8221; el_class=&#8221;expertise-ring&#8221;][\/vc_column][vc_column width=&#8221;1\/2&#8243; el_class=&#8221;energy-text&#8221;][mk_fancy_title color=&#8221;#00338d&#8221; size=&#8221;36&#8243; force_font_size=&#8221;true&#8221; size_smallscreen=&#8221;30&#8243; size_tablet=&#8221;25&#8243; size_phone=&#8221;25&#8243; txt_transform=&#8221;uppercase&#8221; font_family=&#8221;none&#8221; responsive_align=&#8221;left&#8221;]<strong>Urban Infrastructure <\/strong><br \/>\nSector[\/mk_fancy_title][vc_column_text el_class=&#8221;text-block&#8221;]CIMA GLOBAL carries out engineering projects on urban infrastructures for public, parapublic, private, healthcare facilities or industrial organizations. The main interventions concern planning, feasibility studies, detailed design and studies, management and supervision of works, as well as technical assistance for complex buildings, roads and miscellaneous networks, drinking water supply and sanitation infrastructures.<\/p>\n<p>Our professionals have developed an expertise in water works in harmony with the problem of climate change, which is at the root of the water deficiencies observed in several countries. As densely populated areas are sensitive to environmental and social impacts, the construction of sustainable sanitation facilities is essential to prevent and overcome problems of human and environmental poisoning.<\/p>\n<p>We have developed contemporary methods and approaches that adapt to the socio-cultural realities of emerging countries. Our achievements over the past 20 years have enabled several hundred million citizens to benefit from the know-how of our experts.[\/vc_column_text][\/vc_column][\/vc_row][vc_row id=&#8221;realisations&#8221;][vc_column][mk_fancy_title color=&#8221;#00338d&#8221; size=&#8221;36&#8243; force_font_size=&#8221;true&#8221; size_smallscreen=&#8221;30&#8243; size_tablet=&#8221;25&#8243; size_phone=&#8221;25&#8243; txt_transform=&#8221;uppercase&#8221; font_family=&#8221;none&#8221; align=&#8221;right&#8221;]<span style=\"font-weight: bold;\">Projects<\/span> &amp;<span style=\"font-weight: bold;\"> Milestones<\/span><br \/>\nOverview[\/mk_fancy_title][\/vc_column][\/vc_row][vc_row fullwidth=&#8221;true&#8221; fullwidth_content=&#8221;false&#8221; equal_columns=&#8221;true&#8221; column_padding=&#8221;5&#8243; el_class=&#8221;width_mobile&#8221; css=&#8221;.vc_custom_1574433978936{padding-top: 25px !important;}&#8221;][vc_column width=&#8221;1\/4&#8243; el_class=&#8221;box_shadow padding-none height_min-550&#8243; css=&#8221;.vc_custom_1574782613221{margin-right: 10px !important;background-color: #ffffff !important;}&#8221;][mk_image src=&#8221;https:\/\/cimaglobal.ca\/wp-content\/uploads\/2019\/11\/infra02.png&#8221; image_size=&#8221;full&#8221;][mk_custom_box padding_vertical=&#8221;0&#8243; el_class=&#8221;realisations_blocks max-small&#8221;][vc_column_text el_class=&#8221;text-block&#8221;]Technical assistance to the project owner for the Tizi-Ouzou stadium in Algeria.[\/vc_column_text][\/mk_custom_box][vc_raw_html el_class=&#8221;margin-none&#8221;]JTNDZGl2JTIwY2xhc3MlM0QlMjJib3JkZXIlMjB1biUyMiUyMGlkJTNEJTIycHVycGxlJTIyJTNFJTIwJTNDJTJGZGl2JTNF[\/vc_raw_html][\/vc_column][vc_column width=&#8221;1\/4&#8243; el_class=&#8221;box_shadow padding-none height_min-550&#8243; css=&#8221;.vc_custom_1574782625388{margin-right: 10px !important;background-color: #ffffff !important;}&#8221;][mk_image src=&#8221;https:\/\/cimaglobal.ca\/wp-content\/uploads\/2019\/11\/infra02.png&#8221; image_size=&#8221;full&#8221;][mk_custom_box padding_vertical=&#8221;0&#8243; el_class=&#8221;realisations_blocks max-small&#8221;][vc_column_text el_class=&#8221;text-block&#8221;]Study of the execution and supervision of the construction works of the REGIDESO headquarters[\/vc_column_text][\/mk_custom_box][vc_raw_html el_class=&#8221;margin-none&#8221;]JTNDZGl2JTIwY2xhc3MlM0QlMjJib3JkZXIlMjBkZXV4JTIyJTIwaWQlM0QlMjJwdXJwbGUlMjIlM0UlMjAlM0MlMkZkaXYlM0U=[\/vc_raw_html][\/vc_column][vc_column width=&#8221;1\/4&#8243; el_class=&#8221;box_shadow padding-none height_min-550&#8243; css=&#8221;.vc_custom_1574782646052{margin-right: 10px !important;background-color: #ffffff !important;}&#8221;][mk_image src=&#8221;https:\/\/cimaglobal.ca\/wp-content\/uploads\/2019\/11\/infra03.png&#8221; image_size=&#8221;full&#8221;][mk_custom_box padding_vertical=&#8221;0&#8243; el_class=&#8221;realisations_blocks max-small&#8221;][vc_column_text el_class=&#8221;text-block&#8221;]Project management for the project to improve drinking water supply to the Ed\u00e9a, Bertoua and Ngaound\u00e9r\u00e9 centres in Cameroon[\/vc_column_text][\/mk_custom_box][vc_raw_html el_class=&#8221;margin-none&#8221;]JTNDZGl2JTIwY2xhc3MlM0QlMjJib3JkZXIlMjB0cm9pcyUyMiUyMGlkJTNEJTIycHVycGxlJTIyJTNFJTIwJTNDJTJGZGl2JTNF[\/vc_raw_html][\/vc_column][vc_column width=&#8221;1\/4&#8243; el_class=&#8221;box_shadow padding-none height_min-550&#8243; css=&#8221;.vc_custom_1574782656060{background-color: #ffffff !important;}&#8221;][mk_image src=&#8221;https:\/\/cimaglobal.ca\/wp-content\/uploads\/2019\/11\/infra02.png&#8221; image_size=&#8221;full&#8221;][mk_custom_box padding_vertical=&#8221;0&#8243; el_class=&#8221;realisations_blocks max-small&#8221;][vc_column_text el_class=&#8221;text-block&#8221;]Site planning studies, architectural, technical and mock-up studies relating to the Programme of Support for the Technological and Vocational Component of Higher Education[\/vc_column_text][\/mk_custom_box][vc_raw_html el_class=&#8221;margin-none&#8221;]JTNDZGl2JTIwY2xhc3MlM0QlMjJib3JkZXIlMjBxdWF0cmUlMjIlMjBpZCUzRCUyMnB1cnBsZSUyMiUzRSUyMCUzQyUyRmRpdiUzRQ==[\/vc_raw_html][\/vc_column][\/vc_row][vc_row fullwidth=&#8221;true&#8221; fullwidth_content=&#8221;false&#8221; equal_columns=&#8221;true&#8221; column_padding=&#8221;5&#8243; el_class=&#8221;width_mobile&#8221; css=&#8221;.vc_custom_1574433978936{padding-top: 25px !important;}&#8221;][vc_column width=&#8221;1\/4&#8243; el_class=&#8221;box_shadow padding-none height_min-550&#8243; css=&#8221;.vc_custom_1574782671435{margin-right: 10px !important;background-color: #ffffff !important;}&#8221;][mk_image src=&#8221;https:\/\/cimaglobal.ca\/wp-content\/uploads\/2019\/11\/infra04.png&#8221; image_size=&#8221;full&#8221;][mk_custom_box padding_vertical=&#8221;0&#8243; el_class=&#8221;realisations_blocks max-small&#8221;][vc_column_text el_class=&#8221;text-block&#8221;]Project to improve the quality of health care in the cities of Tahoua and Tillab\u00e9ry in Niger[\/vc_column_text][\/mk_custom_box][vc_raw_html el_class=&#8221;margin-none&#8221;]JTNDZGl2JTIwY2xhc3MlM0QlMjJib3JkZXIlMjB1biUyMiUyMGlkJTNEJTIycHVycGxlJTIyJTNFJTIwJTNDJTJGZGl2JTNF[\/vc_raw_html][\/vc_column][vc_column width=&#8221;1\/4&#8243; el_class=&#8221;box_shadow padding-none height_min-550&#8243; css=&#8221;.vc_custom_1574782683163{margin-right: 10px !important;background-color: #ffffff !important;}&#8221;][mk_image src=&#8221;https:\/\/cimaglobal.ca\/wp-content\/uploads\/2019\/11\/infra04.png&#8221; image_size=&#8221;full&#8221;][mk_custom_box padding_vertical=&#8221;0&#8243; el_class=&#8221;realisations_blocks max-small&#8221;][vc_column_text el_class=&#8221;text-block&#8221;]Development and urban management strategy[\/vc_column_text][\/mk_custom_box][vc_raw_html el_class=&#8221;margin-none&#8221;]JTNDZGl2JTIwY2xhc3MlM0QlMjJib3JkZXIlMjBkZXV4JTIyJTIwaWQlM0QlMjJwdXJwbGUlMjIlM0UlMjAlM0MlMkZkaXYlM0U=[\/vc_raw_html][\/vc_column][vc_column width=&#8221;1\/4&#8243; el_class=&#8221;box_shadow padding-none height_min-550&#8243; css=&#8221;.vc_custom_1574782694371{margin-right: 10px !important;background-color: #ffffff !important;}&#8221;][mk_image src=&#8221;https:\/\/cimaglobal.ca\/wp-content\/uploads\/2019\/11\/infra03.png&#8221; image_size=&#8221;full&#8221;][mk_custom_box padding_vertical=&#8221;0&#8243; el_class=&#8221;realisations_blocks max-small&#8221;][vc_column_text el_class=&#8221;text-block&#8221;]Sizing of drinking water storage and distribution facilities in Niger[\/vc_column_text][\/mk_custom_box][vc_raw_html el_class=&#8221;margin-none&#8221;]JTNDZGl2JTIwY2xhc3MlM0QlMjJib3JkZXIlMjB0cm9pcyUyMiUyMGlkJTNEJTIycHVycGxlJTIyJTNFJTIwJTNDJTJGZGl2JTNF[\/vc_raw_html][\/vc_column][vc_column width=&#8221;1\/4&#8243; el_class=&#8221;box_shadow padding-none height_min-550&#8243; css=&#8221;.vc_custom_1574782704083{background-color: #ffffff !important;}&#8221;][mk_image src=&#8221;https:\/\/cimaglobal.ca\/wp-content\/uploads\/2019\/11\/infra01.png&#8221; image_size=&#8221;full&#8221;][mk_custom_box padding_vertical=&#8221;0&#8243; el_class=&#8221;realisations_blocks max-small&#8221;][vc_column_text el_class=&#8221;text-block&#8221;]Supervision of the rehabilitation, widening and construction of roads, landscaping and sidewalks, public lighting, drinking water supply and sanitation works in the city of Touba in Senegal[\/vc_column_text][\/mk_custom_box][vc_raw_html el_class=&#8221;margin-none&#8221;]JTNDZGl2JTIwY2xhc3MlM0QlMjJib3JkZXIlMjBxdWF0cmUlMjIlMjBpZCUzRCUyMnB1cnBsZSUyMiUzRSUyMCUzQyUyRmRpdiUzRQ==[\/vc_raw_html][\/vc_column][\/vc_row][vc_row fullwidth=&#8221;true&#8221; fullwidth_content=&#8221;false&#8221; equal_columns=&#8221;true&#8221; column_padding=&#8221;5&#8243; el_class=&#8221;width_mobile&#8221; css=&#8221;.vc_custom_1574781004298{margin-bottom: 100px !important;padding-top: 25px !important;}&#8221;][vc_column width=&#8221;1\/4&#8243; el_class=&#8221;box_shadow padding-none height_min-550&#8243; css=&#8221;.vc_custom_1574782714620{margin-right: 10px !important;background-color: #ffffff !important;}&#8221;][mk_image src=&#8221;https:\/\/cimaglobal.ca\/wp-content\/uploads\/2019\/11\/infra03.png&#8221; image_size=&#8221;full&#8221;][mk_custom_box padding_vertical=&#8221;0&#8243; el_class=&#8221;realisations_blocks max-small&#8221;][vc_column_text el_class=&#8221;text-block&#8221;]Preparatory studies for the improvement of drinking water supply in the cities of Kinshasa, Matadi and Lubumbashi (PEMU) in Congo[\/vc_column_text][\/mk_custom_box][vc_raw_html el_class=&#8221;margin-none&#8221;]JTNDZGl2JTIwY2xhc3MlM0QlMjJib3JkZXIlMjB1biUyMiUyMGlkJTNEJTIycHVycGxlJTIyJTNFJTIwJTNDJTJGZGl2JTNF[\/vc_raw_html][\/vc_column][\/vc_row][vc_row fullwidth=&#8221;true&#8221; css=&#8221;.vc_custom_1571750772217{background-color: #00338d !important;}&#8221;][vc_column][vc_empty_space height=&#8221;100px&#8221;][\/vc_column][\/vc_row][vc_row fullwidth=&#8221;true&#8221; fullwidth_content=&#8221;false&#8221; css=&#8221;.vc_custom_1576594330029{background-color: #00338d !important;}&#8221; id=&#8221;title-row&#8221;][vc_column][vc_raw_html el_class=&#8221;line-segment lower&#8221;]JTNDZGl2JTIwY2xhc3MlM0QlMjJsaW5lJTIyJTNFJTBBJTA5JTBBJTNDJTJGZGl2JTNF[\/vc_raw_html][mk_fancy_title color=&#8221;#ffffff&#8221; size=&#8221;40&#8243; force_font_size=&#8221;true&#8221; size_smallscreen=&#8221;35&#8243; size_tablet=&#8221;25&#8243; size_phone=&#8221;25&#8243; txt_transform=&#8221;uppercase&#8221; margin_bottom=&#8221;0&#8243; font_family=&#8221;none&#8221;]Discover<br \/>\n<span style=\"font-weight: bold;\">in pictures<\/span>[\/mk_fancy_title][\/vc_column][\/vc_row][vc_row fullwidth=&#8221;true&#8221; css=&#8221;.vc_custom_1571750772217{background-color: #00338d !important;}&#8221;][vc_column][vc_empty_space height=&#8221;60px&#8221;][\/vc_column][\/vc_row][vc_row fullwidth=&#8221;true&#8221; fullwidth_content=&#8221;false&#8221; css=&#8221;.vc_custom_1571751142750{background-color: #00338d !important;}&#8221;][vc_column width=&#8221;1\/4&#8243;][mk_image src=&#8221;https:\/\/cimaglobal.ca\/wp-content\/uploads\/2019\/10\/95a-8.jpg&#8221; image_width=&#8221;250&#8243; image_height=&#8221;250&#8243; lightbox=&#8221;true&#8221; frame_style=&#8221;shadow_only&#8221; align=&#8221;center&#8221;][\/vc_column][vc_column width=&#8221;1\/4&#8243; el_class=&#8221;image-col&#8221;][mk_image src=&#8221;https:\/\/cimaglobal.ca\/wp-content\/uploads\/2019\/10\/77a.jpg&#8221; image_width=&#8221;250&#8243; image_height=&#8221;250&#8243; lightbox=&#8221;true&#8221; frame_style=&#8221;shadow_only&#8221; align=&#8221;center&#8221;][\/vc_column][vc_column width=&#8221;1\/4&#8243; el_class=&#8221;image-col&#8221;][mk_image src=&#8221;https:\/\/cimaglobal.ca\/wp-content\/uploads\/2019\/10\/138b.jpg&#8221; image_width=&#8221;250&#8243; image_height=&#8221;250&#8243; lightbox=&#8221;true&#8221; frame_style=&#8221;shadow_only&#8221; align=&#8221;center&#8221;][\/vc_column][vc_column width=&#8221;1\/4&#8243; el_class=&#8221;image-col&#8221;][mk_image src=&#8221;https:\/\/cimaglobal.ca\/wp-content\/uploads\/2019\/10\/138-14_figure_rue-commerciale.jpg&#8221; image_width=&#8221;250&#8243; image_height=&#8221;250&#8243; lightbox=&#8221;true&#8221; frame_style=&#8221;shadow_only&#8221; align=&#8221;center&#8221;][\/vc_column][\/vc_row][vc_row fullwidth=&#8221;true&#8221; css=&#8221;.vc_custom_1571750772217{background-color: #00338d !important;}&#8221;][vc_column][vc_empty_space height=&#8221;100px&#8221;][\/vc_column][\/vc_row][vc_row el_class=&#8221;cta-row&#8221;][vc_column width=&#8221;1\/2&#8243;][mk_fancy_title color=&#8221;#00338d&#8221; size=&#8221;30&#8243; force_font_size=&#8221;true&#8221; size_smallscreen=&#8221;25&#8243; size_tablet=&#8221;20&#8243; size_phone=&#8221;20&#8243; margin_top=&#8221;35&#8243; font_family=&#8221;none&#8221;]Need more information<br \/>\nregarding our services or milestones?[\/mk_fancy_title][\/vc_column][vc_column width=&#8221;1\/2&#8243;][mk_button dimension=&#8221;flat&#8221; corner_style=&#8221;rounded&#8221; size=&#8221;medium&#8221; icon=&#8221;mk-moon-arrow-right-17&#8243; url=&#8221;\/en\/contact\/&#8221; margin_top=&#8221;50&#8243; animation=&#8221;fade-in&#8221; el_class=&#8221;buttons cta-btn&#8221;]Contact Us[\/mk_button][\/vc_column][\/vc_row]\n","protected":false},"excerpt":{"rendered":"<p>[vc_row fullwidth=&#8221;true&#8221; fullwidth_content=&#8221;false&#8221; css=&#8221;.vc_custom_1573467630200{background-image: url(https:\/\/cimaglobal.ca\/wp-content\/uploads\/2019\/10\/infrastructure.jpg?id=225) !important;background-position: center !important;background-repeat: no-repeat !important;background-size: cover !important;}&#8221; id=&#8221;main-banner&#8221; el_class=&#8221;overflow_hidden&#8221;][vc_column width=&#8221;1\/2&#8243;][mk_fancy_title color=&#8221;#00338d&#8221; size=&#8221;44&#8243; force_font_size=&#8221;true&#8221; size_smallscreen=&#8221;40&#8243; size_tablet=&#8221;35&#8243; size_phone=&#8221;35&#8243; font_weight=&#8221;500&#8243; font_family=&#8221;Montserrat&#8221; font_type=&#8221;google&#8221; responsive_align=&#8221;left&#8221;]Urban Infrastructure Expertise[\/mk_fancy_title][vc_column_text]CIMA GLOBAL is an expert in engineering studies for various urban projects such as construction, roads, drinking water supply, sanitation and the environment.[\/vc_column_text][\/vc_column][vc_column width=&#8221;1\/2&#8243;][mk_image src=&#8221;https:\/\/cimaglobal.ca\/wp-content\/uploads\/2019\/10\/line_urbaine.png&#8221; image_size=&#8221;full&#8221; el_class=&#8221;line-above&#8221;][\/vc_column][\/vc_row][vc_row][vc_column width=&#8221;1\/3&#8243;][vc_single_image image=&#8221;292&#8243; [&hellip;]<\/p>\n","protected":false},"author":2,"featured_media":0,"parent":0,"menu_order":0,"comment_status":"closed","ping_status":"closed","template":"","meta":{"footnotes":""},"class_list":["post-393","page","type-page","status-publish","hentry"],"_links":{"self":[{"href":"https:\/\/cimaglobal.ca\/en\/wp-json\/wp\/v2\/pages\/393","targetHints":{"allow":["GET"]}}],"collection":[{"href":"https:\/\/cimaglobal.ca\/en\/wp-json\/wp\/v2\/pages"}],"about":[{"href":"https:\/\/cimaglobal.ca\/en\/wp-json\/wp\/v2\/types\/page"}],"author":[{"embeddable":true,"href":"https:\/\/cimaglobal.ca\/en\/wp-json\/wp\/v2\/users\/2"}],"replies":[{"embeddable":true,"href":"https:\/\/cimaglobal.ca\/en\/wp-json\/wp\/v2\/comments?post=393"}],"version-history":[{"count":0,"href":"https:\/\/cimaglobal.ca\/en\/wp-json\/wp\/v2\/pages\/393\/revisions"}],"wp:attachment":[{"href":"https:\/\/cimaglobal.ca\/en\/wp-json\/wp\/v2\/media?parent=393"}],"curies":[{"name":"wp","href":"https:\/\/api.w.org\/{rel}","templated":true}]}}